{"id":4278,"date":"2017-04-19T20:24:12","date_gmt":"2017-04-19T20:24:12","guid":{"rendered":"https:\/\/cabanoneco.ca\/web\/?page_id=4278\/"},"modified":"2023-01-11T10:30:24","modified_gmt":"2023-01-11T16:30:24","slug":"regulations","status":"publish","type":"page","link":"https:\/\/cabanoneco.ca\/en\/regulations\/","title":{"rendered":"Municipal By-Laws"},"content":{"rendered":"[vc_row][vc_column][vc_column_text]\n<h5 style=\"text-align: center;\">We strongly advise you to consult the municipal by-laws of your city on the installation of a shed before making the purchase.<\/h5>\n[\/vc_column_text][\/vc_column][\/vc_row][vc_row][vc_column width=&#8221;3\/4&#8243;][vc_custom_heading text=&#8221;Rive-Nord de Montr\u00e9al&#8221; font_container=&#8221;tag:h1|font_size:32px|text_align:center&#8221; use_theme_fonts=&#8221;yes&#8221;][vc_separator][vc_row_inner el_id=&#8221;listas&#8221;][vc_column_inner width=&#8221;1\/3&#8243;][vc_column_text]\n<ul style=\"padding-left: 10px;\">\n<li><a href=\"http:\/\/blainville.ca\/services-aux-citoyens\/reglements-et-permis\/\" target=\"_blank\" rel=\"noopener noreferrer\"> Blainville<\/a><\/li>\n<li><a href=\"http:\/\/ville.bois-des-filion.qc.ca\/urbanisme\/reglements.html#faqnoanchor\" target=\"_blank\" rel=\"noopener noreferrer\">Bois-des-Filion<\/a><\/li>\n<li><a href=\"http:\/\/ville.charlemagne.qc.ca\/upload\/ville.charlemagne\/editor\/asset\/B{0afafe0168fbdc0db1d7e9c7a68fdc1c9fb4319b7b5c24c96f4ef0c8eb0031c7}C3{0afafe0168fbdc0db1d7e9c7a68fdc1c9fb4319b7b5c24c96f4ef0c8eb0031c7}A2timent{0afafe0168fbdc0db1d7e9c7a68fdc1c9fb4319b7b5c24c96f4ef0c8eb0031c7}20accessoire.pdf\" target=\"_blank\" rel=\"noopener noreferrer\">Charlemagne<\/a><\/li>\n<li><a href=\"http:\/\/ville.deux-montagnes.qc.ca\/wp-content\/uploads\/2013\/05\/Fiche-permis-Batiments-accessoires.pdf\" target=\"_blank\" rel=\"noopener noreferrer\">Deux-Montagnes<\/a><\/li>\n<li><a href=\"http:\/\/www.ville.lorraine.qc.ca\/remise-a-jardin-et-cabanon\" target=\"_blank\" rel=\"noopener noreferrer\">Ville de Lorraine<\/a><\/li>\n<li><a href=\"https:\/\/www.ville.lassomption.qc.ca\/citoyens\/urbanisme\/permis_et_certificats\/demande_de_permis\" target=\"_blank\" rel=\"noopener noreferrer\">L&#8217;Assomption<\/a><\/li>\n<\/ul>\n[\/vc_column_text][\/vc_column_inner][vc_column_inner width=&#8221;1\/3&#8243;][vc_column_text]\n<ul style=\"padding-left: 10px;\">\n<li><a href=\"https:\/\/ville.mascouche.qc.ca\/wp-content\/uploads\/2017\/05\/permis_cabanon.pdf\" target=\"_blank\" rel=\"noopener noreferrer\"> Mascouche<\/a><\/li>\n<li><a href=\"http:\/\/www.ville.repentigny.qc.ca\/vie-citoyenne\/urbanisme\/reglements\/batiment-accessoire-d-entreposage.html\" target=\"_blank\" rel=\"noopener noreferrer\">Repentigny<\/a><\/li>\n<li><a href=\"http:\/\/rawdon.ca\/citoyen\/habitation-et-construction\/renseignements-utiles\/\" target=\"_blank\" rel=\"noopener noreferrer\">Rawdon<\/a><\/li>\n<li><a href=\"http:\/\/ville.montreal.qc.ca\/pls\/portal\/docs\/PAGE\/ARROND_RDP_FR\/MEDIA\/DOCUMENTS\/FICHE{0afafe0168fbdc0db1d7e9c7a68fdc1c9fb4319b7b5c24c96f4ef0c8eb0031c7}20INFO-PERMIS_B{0afafe0168fbdc0db1d7e9c7a68fdc1c9fb4319b7b5c24c96f4ef0c8eb0031c7}C2TIMENTS{0afafe0168fbdc0db1d7e9c7a68fdc1c9fb4319b7b5c24c96f4ef0c8eb0031c7}20COMPL{0afafe0168fbdc0db1d7e9c7a68fdc1c9fb4319b7b5c24c96f4ef0c8eb0031c7}C9MENTAIRES-R{0afafe0168fbdc0db1d7e9c7a68fdc1c9fb4319b7b5c24c96f4ef0c8eb0031c7}C9SIDENTIEL_2.PDF\" target=\"_blank\" rel=\"noopener noreferrer\">Rivi\u00e8re-des-Prairies \/ Pointe-aux-Trembles<\/a><\/li>\n<li><a href=\"http:\/\/www.ville.rosemere.qc.ca\/download.php?filename=03_DEPLIANT_cabanon.pdf\" target=\"_blank\" rel=\"noopener noreferrer\">Rosem\u00e8re<\/a><\/li>\n<li><a href=\"http:\/\/www.vsj.ca\/fr\/batiments-et-constructions-accesoires-detaches.aspx\" target=\"_blank\" rel=\"noopener noreferrer\">Saint-J\u00e9r\u00f4me<\/a><\/li>\n<\/ul>\n[\/vc_column_text][\/vc_column_inner][vc_column_inner width=&#8221;1\/3&#8243;][vc_column_text]\n<ul style=\"padding-left: 10px;\">\n<li><a href=\"https:\/\/www.saint-eustache.ca\/sites\/default\/files\/content-image\/planurbanisme.jpg\" target=\"_blank\" rel=\"noopener noreferrer\"> Saint-Eustache<\/a><\/li>\n<li><a href=\"http:\/\/saint-lin-laurentides.com\/images\/formulaires\/urbanisme\/2016\/REMISE.pdf\" target=\"_blank\" rel=\"noopener noreferrer\">Saint-Lin-Laurentides<\/a><\/li>\n<li><a href=\"http:\/\/www.saint-roch-de-lachigan.ca\/tinymce\/uploads\/Service-{0afafe0168fbdc0db1d7e9c7a68fdc1c9fb4319b7b5c24c96f4ef0c8eb0031c7}20am{0afafe0168fbdc0db1d7e9c7a68fdc1c9fb4319b7b5c24c96f4ef0c8eb0031c7}C3{0afafe0168fbdc0db1d7e9c7a68fdc1c9fb4319b7b5c24c96f4ef0c8eb0031c7}A9nagement\/R{0afafe0168fbdc0db1d7e9c7a68fdc1c9fb4319b7b5c24c96f4ef0c8eb0031c7}C3{0afafe0168fbdc0db1d7e9c7a68fdc1c9fb4319b7b5c24c96f4ef0c8eb0031c7}A8glements\/batimentaccessoire.pdf\" target=\"_blank\" rel=\"noopener noreferrer\">Saint-Roch-de-l&#8217;Achigan<\/a><\/li>\n<li><a href=\"http:\/\/www.ville.sainte-marthe-sur-le-lac.qc.ca\/reglement\/remise-cabanon\/\" target=\"_blank\" rel=\"noopener noreferrer\">Sainte-Marthe-sur-le-Lac<\/a><\/li>\n<\/ul>\n[\/vc_column_text][\/vc_column_inner][\/vc_row_inner][\/vc_column][vc_column width=&#8221;1\/4&#8243;][vc_custom_heading text=&#8221;\u00cele de Montr\u00e9al &#8221; google_fonts=&#8221;font_family:Source{0afafe0168fbdc0db1d7e9c7a68fdc1c9fb4319b7b5c24c96f4ef0c8eb0031c7}20Sans{0afafe0168fbdc0db1d7e9c7a68fdc1c9fb4319b7b5c24c96f4ef0c8eb0031c7}20Pro{0afafe0168fbdc0db1d7e9c7a68fdc1c9fb4319b7b5c24c96f4ef0c8eb0031c7}3A200{0afafe0168fbdc0db1d7e9c7a68fdc1c9fb4319b7b5c24c96f4ef0c8eb0031c7}2C200italic{0afafe0168fbdc0db1d7e9c7a68fdc1c9fb4319b7b5c24c96f4ef0c8eb0031c7}2C300{0afafe0168fbdc0db1d7e9c7a68fdc1c9fb4319b7b5c24c96f4ef0c8eb0031c7}2C300italic{0afafe0168fbdc0db1d7e9c7a68fdc1c9fb4319b7b5c24c96f4ef0c8eb0031c7}2Cregular{0afafe0168fbdc0db1d7e9c7a68fdc1c9fb4319b7b5c24c96f4ef0c8eb0031c7}2Citalic{0afafe0168fbdc0db1d7e9c7a68fdc1c9fb4319b7b5c24c96f4ef0c8eb0031c7}2C600{0afafe0168fbdc0db1d7e9c7a68fdc1c9fb4319b7b5c24c96f4ef0c8eb0031c7}2C600italic{0afafe0168fbdc0db1d7e9c7a68fdc1c9fb4319b7b5c24c96f4ef0c8eb0031c7}2C700{0afafe0168fbdc0db1d7e9c7a68fdc1c9fb4319b7b5c24c96f4ef0c8eb0031c7}2C700italic{0afafe0168fbdc0db1d7e9c7a68fdc1c9fb4319b7b5c24c96f4ef0c8eb0031c7}2C900{0afafe0168fbdc0db1d7e9c7a68fdc1c9fb4319b7b5c24c96f4ef0c8eb0031c7}2C900italic|font_style:400{0afafe0168fbdc0db1d7e9c7a68fdc1c9fb4319b7b5c24c96f4ef0c8eb0031c7}20regular{0afafe0168fbdc0db1d7e9c7a68fdc1c9fb4319b7b5c24c96f4ef0c8eb0031c7}3A400{0afafe0168fbdc0db1d7e9c7a68fdc1c9fb4319b7b5c24c96f4ef0c8eb0031c7}3Anormal&#8221;][vc_separator][vc_row_inner el_id=&#8221;listasr&#8221;][vc_column_inner][vc_column_text]\n<ul style=\"padding-left: 20px;\">\n<li><a href=\"http:\/\/ville.montreal-est.qc.ca\/services-aux-citoyens\/demande-de-permis\/\"> Montr\u00e9al-Est<\/a><\/li>\n<li><a href=\"http:\/\/ville.montreal.qc.ca\/portal\/page?_pageid=8717,97021710&amp;_dad=portal&amp;_schema=PORTAL\">Montr\u00e9al Nord<\/a><\/li>\n<li><a href=\"http:\/\/ville.montreal.qc.ca\/portal\/page?_pageid=6958,70211716&amp;_dad=portal&amp;_schema=PORTAL\">Anjou Montr\u00e9al<\/a><\/li>\n<\/ul>\n[\/vc_column_text][\/vc_column_inner][\/vc_row_inner][\/vc_column][\/vc_row][vc_row][vc_column][vc_column_text]<a href=\"http:\/\/www.ville.rosemere.qc.ca\/urbanisme-permis-et-inspections\/\">[\/vc_column_text][\/vc_column][\/vc_row][vc_row][vc_column][vc_column_text]<\/a>[\/vc_column_text][\/vc_column][\/vc_row]\n","protected":false},"excerpt":{"rendered":"<p>[vc_row][vc_column][vc_column_text] We strongly advise you to consult the municipal by-laws of your city on the installation of a shed before making the purchase. [\/vc_column_text][\/vc_column][\/vc_row][vc_row][vc_column width=&#8221;3\/4&#8243;][vc_custom_heading text=&#8221;Rive-Nord de Montr\u00e9al&#8221; font_container=&#8221;tag:h1|font_size:32px|text_align:center&#8221; use_theme_fonts=&#8221;yes&#8221;][vc_separator][vc_row_inner el_id=&#8221;listas&#8221;][vc_column_inner width=&#8221;1\/3&#8243;][vc_column_text] Blainville Bois-des-Filion Charlemagne Deux-Montagnes Ville de Lorraine L&#8217;Assomption [\/vc_column_text][\/vc_column_inner][vc_column_inner width=&#8221;1\/3&#8243;][vc_column_text] Mascouche Repentigny Rawdon Rivi\u00e8re-des-Prairies \/ Pointe-aux-Trembles Rosem\u00e8re Saint-J\u00e9r\u00f4me [\/vc_column_text][\/vc_column_inner][vc_column_inner width=&#8221;1\/3&#8243;][vc_column_text] Saint-Eustache Saint-Lin-Laurentides Saint-Roch-de-l&#8217;Achigan [&hellip;]<\/p>\n","protected":false},"author":1,"featured_media":0,"parent":0,"menu_order":0,"comment_status":"closed","ping_status":"closed","template":"fullwidth.php","meta":{"footnotes":""},"yst_prominent_words":[91],"class_list":["post-4278","page","type-page","status-publish","hentry"],"_links":{"self":[{"href":"https:\/\/cabanoneco.ca\/en\/wp-json\/wp\/v2\/pages\/4278","targetHints":{"allow":["GET"]}}],"collection":[{"href":"https:\/\/cabanoneco.ca\/en\/wp-json\/wp\/v2\/pages"}],"about":[{"href":"https:\/\/cabanoneco.ca\/en\/wp-json\/wp\/v2\/types\/page"}],"author":[{"embeddable":true,"href":"https:\/\/cabanoneco.ca\/en\/wp-json\/wp\/v2\/users\/1"}],"replies":[{"embeddable":true,"href":"https:\/\/cabanoneco.ca\/en\/wp-json\/wp\/v2\/comments?post=4278"}],"version-history":[{"count":29,"href":"https:\/\/cabanoneco.ca\/en\/wp-json\/wp\/v2\/pages\/4278\/revisions"}],"predecessor-version":[{"id":6021,"href":"https:\/\/cabanoneco.ca\/en\/wp-json\/wp\/v2\/pages\/4278\/revisions\/6021"}],"wp:attachment":[{"href":"https:\/\/cabanoneco.ca\/en\/wp-json\/wp\/v2\/media?parent=4278"}],"wp:term":[{"taxonomy":"yst_prominent_words","embeddable":true,"href":"https:\/\/cabanoneco.ca\/en\/wp-json\/wp\/v2\/yst_prominent_words?post=4278"}],"curies":[{"name":"wp","href":"https:\/\/api.w.org\/{rel}","templated":true}]}}